{"id":8499,"date":"2024-06-30T13:41:34","date_gmt":"2024-06-30T11:41:34","guid":{"rendered":"https:\/\/vrkino.kek.hr\/putujuce-vr-kino\/"},"modified":"2024-07-22T18:59:04","modified_gmt":"2024-07-22T16:59:04","slug":"travelling-vr-cinema","status":"publish","type":"page","link":"https:\/\/vrkino.kek.hr\/en\/travelling-vr-cinema\/","title":{"rendered":"Travelling VR cinema KEK"},"content":{"rendered":"","protected":false},"excerpt":{"rendered":"<p>Ovog ljeta prona\u0111ite prvo hrvatsko VR kino na kota\u010dima u va\u0161em gradu i pogledajte prvi hrvatski dokumentarni film &#8216;Lovci sakuplja\u010di&#8217; Davora Rostuhara!<\/p>\n","protected":false},"author":4,"featured_media":8566,"parent":0,"menu_order":0,"comment_status":"closed","ping_status":"closed","template":"templates\/landing.php","meta":{"_acf_changed":false,"footnotes":""},"class_list":["post-8499","page","type-page","status-publish","has-post-thumbnail","hentry"],"acf":[],"yoast_head":"<!-- This site is optimized with the Yoast SEO plugin v26.6 - https:\/\/yoast.com\/wordpress\/plugins\/seo\/ -->\n<title>Travelling VR cinema KEK<\/title>\n<meta name=\"description\" content=\"Prona\u0111ite prvo hrvatsko VR kino na kota\u010dima u va\u0161em gradu i pogledajte prvi hrvatski dokumentarni film &#039;Lovci sakuplja\u010di&#039; Davora Rostuhara!\" \/>\n<meta name=\"robots\" content=\"index, follow, max-snippet:-1, max-image-preview:large, max-video-preview:-1\" \/>\n<link rel=\"canonical\" href=\"https:\/\/vrkino.kek.hr\/en\/travelling-vr-cinema\/\" \/>\n<meta property=\"og:locale\" content=\"en_US\" \/>\n<meta property=\"og:type\" content=\"article\" \/>\n<meta property=\"og:title\" content=\"Travelling VR cinema KEK\" \/>\n<meta property=\"og:description\" content=\"Prona\u0111ite prvo hrvatsko VR kino na kota\u010dima u va\u0161em gradu i pogledajte prvi hrvatski dokumentarni film &#039;Lovci sakuplja\u010di&#039; Davora Rostuhara!\" \/>\n<meta property=\"og:url\" content=\"https:\/\/vrkino.kek.hr\/en\/travelling-vr-cinema\/\" \/>\n<meta property=\"og:site_name\" content=\"KEK VR Kino\" \/>\n<meta property=\"article:publisher\" content=\"https:\/\/www.facebook.com\/DavorRostuharStoryteller\" \/>\n<meta property=\"article:modified_time\" content=\"2024-07-22T16:59:04+00:00\" \/>\n<meta property=\"og:image\" content=\"https:\/\/vrkino.kek.hr\/wp-content\/uploads\/2024\/07\/vr-kino-ljeto1-1024x636.jpg\" \/>\n\t<meta property=\"og:image:width\" content=\"1024\" \/>\n\t<meta property=\"og:image:height\" content=\"636\" \/>\n\t<meta property=\"og:image:type\" content=\"image\/jpeg\" \/>\n<meta name=\"twitter:card\" content=\"summary_large_image\" \/>\n<script type=\"application\/ld+json\" class=\"yoast-schema-graph\">{\"@context\":\"https:\/\/schema.org\",\"@graph\":[{\"@type\":\"WebPage\",\"@id\":\"https:\/\/vrkino.kek.hr\/en\/travelling-vr-cinema\/\",\"url\":\"https:\/\/vrkino.kek.hr\/en\/travelling-vr-cinema\/\",\"name\":\"Travelling VR cinema KEK\",\"isPartOf\":{\"@id\":\"https:\/\/vrkino.kek.hr\/#website\"},\"primaryImageOfPage\":{\"@id\":\"https:\/\/vrkino.kek.hr\/en\/travelling-vr-cinema\/#primaryimage\"},\"image\":{\"@id\":\"https:\/\/vrkino.kek.hr\/en\/travelling-vr-cinema\/#primaryimage\"},\"thumbnailUrl\":\"https:\/\/vrkino.kek.hr\/wp-content\/uploads\/2024\/07\/vr-kino-ljeto1.jpg\",\"datePublished\":\"2024-06-30T11:41:34+00:00\",\"dateModified\":\"2024-07-22T16:59:04+00:00\",\"description\":\"Prona\u0111ite prvo hrvatsko VR kino na kota\u010dima u va\u0161em gradu i pogledajte prvi hrvatski dokumentarni film 'Lovci sakuplja\u010di' Davora Rostuhara!\",\"breadcrumb\":{\"@id\":\"https:\/\/vrkino.kek.hr\/en\/travelling-vr-cinema\/#breadcrumb\"},\"inLanguage\":\"en-US\",\"potentialAction\":[{\"@type\":\"ReadAction\",\"target\":[\"https:\/\/vrkino.kek.hr\/en\/travelling-vr-cinema\/\"]}]},{\"@type\":\"ImageObject\",\"inLanguage\":\"en-US\",\"@id\":\"https:\/\/vrkino.kek.hr\/en\/travelling-vr-cinema\/#primaryimage\",\"url\":\"https:\/\/vrkino.kek.hr\/wp-content\/uploads\/2024\/07\/vr-kino-ljeto1.jpg\",\"contentUrl\":\"https:\/\/vrkino.kek.hr\/wp-content\/uploads\/2024\/07\/vr-kino-ljeto1.jpg\",\"width\":2000,\"height\":1243},{\"@type\":\"BreadcrumbList\",\"@id\":\"https:\/\/vrkino.kek.hr\/en\/travelling-vr-cinema\/#breadcrumb\",\"itemListElement\":[{\"@type\":\"ListItem\",\"position\":1,\"name\":\"Home\",\"item\":\"https:\/\/vrkino.kek.hr\/en\/\"},{\"@type\":\"ListItem\",\"position\":2,\"name\":\"Travelling VR cinema KEK\"}]},{\"@type\":\"WebSite\",\"@id\":\"https:\/\/vrkino.kek.hr\/#website\",\"url\":\"https:\/\/vrkino.kek.hr\/\",\"name\":\"KEK VR Kino\",\"description\":\"\",\"publisher\":{\"@id\":\"https:\/\/vrkino.kek.hr\/#organization\"},\"potentialAction\":[{\"@type\":\"SearchAction\",\"target\":{\"@type\":\"EntryPoint\",\"urlTemplate\":\"https:\/\/vrkino.kek.hr\/?s={search_term_string}\"},\"query-input\":{\"@type\":\"PropertyValueSpecification\",\"valueRequired\":true,\"valueName\":\"search_term_string\"}}],\"inLanguage\":\"en-US\"},{\"@type\":\"Organization\",\"@id\":\"https:\/\/vrkino.kek.hr\/#organization\",\"name\":\"Klub za ekspedicionizam i kulturu\",\"url\":\"https:\/\/vrkino.kek.hr\/\",\"logo\":{\"@type\":\"ImageObject\",\"inLanguage\":\"en-US\",\"@id\":\"https:\/\/vrkino.kek.hr\/#\/schema\/logo\/image\/\",\"url\":\"https:\/\/vrkino.kek.hr\/wp-content\/uploads\/2023\/11\/vr.kino_.kek_.web_logo_small.png\",\"contentUrl\":\"https:\/\/vrkino.kek.hr\/wp-content\/uploads\/2023\/11\/vr.kino_.kek_.web_logo_small.png\",\"width\":2100,\"height\":1182,\"caption\":\"Klub za ekspedicionizam i kulturu\"},\"image\":{\"@id\":\"https:\/\/vrkino.kek.hr\/#\/schema\/logo\/image\/\"},\"sameAs\":[\"https:\/\/www.facebook.com\/DavorRostuharStoryteller\",\"https:\/\/www.instagram.com\/lovearoundtheworldproject\"]}]}<\/script>\n<!-- \/ Yoast SEO plugin. -->","yoast_head_json":{"title":"Travelling VR cinema KEK","description":"Prona\u0111ite prvo hrvatsko VR kino na kota\u010dima u va\u0161em gradu i pogledajte prvi hrvatski dokumentarni film 'Lovci sakuplja\u010di' Davora Rostuhara!","robots":{"index":"index","follow":"follow","max-snippet":"max-snippet:-1","max-image-preview":"max-image-preview:large","max-video-preview":"max-video-preview:-1"},"canonical":"https:\/\/vrkino.kek.hr\/en\/travelling-vr-cinema\/","og_locale":"en_US","og_type":"article","og_title":"Travelling VR cinema KEK","og_description":"Prona\u0111ite prvo hrvatsko VR kino na kota\u010dima u va\u0161em gradu i pogledajte prvi hrvatski dokumentarni film 'Lovci sakuplja\u010di' Davora Rostuhara!","og_url":"https:\/\/vrkino.kek.hr\/en\/travelling-vr-cinema\/","og_site_name":"KEK VR Kino","article_publisher":"https:\/\/www.facebook.com\/DavorRostuharStoryteller","article_modified_time":"2024-07-22T16:59:04+00:00","og_image":[{"width":1024,"height":636,"url":"https:\/\/vrkino.kek.hr\/wp-content\/uploads\/2024\/07\/vr-kino-ljeto1-1024x636.jpg","type":"image\/jpeg"}],"twitter_card":"summary_large_image","schema":{"@context":"https:\/\/schema.org","@graph":[{"@type":"WebPage","@id":"https:\/\/vrkino.kek.hr\/en\/travelling-vr-cinema\/","url":"https:\/\/vrkino.kek.hr\/en\/travelling-vr-cinema\/","name":"Travelling VR cinema KEK","isPartOf":{"@id":"https:\/\/vrkino.kek.hr\/#website"},"primaryImageOfPage":{"@id":"https:\/\/vrkino.kek.hr\/en\/travelling-vr-cinema\/#primaryimage"},"image":{"@id":"https:\/\/vrkino.kek.hr\/en\/travelling-vr-cinema\/#primaryimage"},"thumbnailUrl":"https:\/\/vrkino.kek.hr\/wp-content\/uploads\/2024\/07\/vr-kino-ljeto1.jpg","datePublished":"2024-06-30T11:41:34+00:00","dateModified":"2024-07-22T16:59:04+00:00","description":"Prona\u0111ite prvo hrvatsko VR kino na kota\u010dima u va\u0161em gradu i pogledajte prvi hrvatski dokumentarni film 'Lovci sakuplja\u010di' Davora Rostuhara!","breadcrumb":{"@id":"https:\/\/vrkino.kek.hr\/en\/travelling-vr-cinema\/#breadcrumb"},"inLanguage":"en-US","potentialAction":[{"@type":"ReadAction","target":["https:\/\/vrkino.kek.hr\/en\/travelling-vr-cinema\/"]}]},{"@type":"ImageObject","inLanguage":"en-US","@id":"https:\/\/vrkino.kek.hr\/en\/travelling-vr-cinema\/#primaryimage","url":"https:\/\/vrkino.kek.hr\/wp-content\/uploads\/2024\/07\/vr-kino-ljeto1.jpg","contentUrl":"https:\/\/vrkino.kek.hr\/wp-content\/uploads\/2024\/07\/vr-kino-ljeto1.jpg","width":2000,"height":1243},{"@type":"BreadcrumbList","@id":"https:\/\/vrkino.kek.hr\/en\/travelling-vr-cinema\/#breadcrumb","itemListElement":[{"@type":"ListItem","position":1,"name":"Home","item":"https:\/\/vrkino.kek.hr\/en\/"},{"@type":"ListItem","position":2,"name":"Travelling VR cinema KEK"}]},{"@type":"WebSite","@id":"https:\/\/vrkino.kek.hr\/#website","url":"https:\/\/vrkino.kek.hr\/","name":"KEK VR Kino","description":"","publisher":{"@id":"https:\/\/vrkino.kek.hr\/#organization"},"potentialAction":[{"@type":"SearchAction","target":{"@type":"EntryPoint","urlTemplate":"https:\/\/vrkino.kek.hr\/?s={search_term_string}"},"query-input":{"@type":"PropertyValueSpecification","valueRequired":true,"valueName":"search_term_string"}}],"inLanguage":"en-US"},{"@type":"Organization","@id":"https:\/\/vrkino.kek.hr\/#organization","name":"Klub za ekspedicionizam i kulturu","url":"https:\/\/vrkino.kek.hr\/","logo":{"@type":"ImageObject","inLanguage":"en-US","@id":"https:\/\/vrkino.kek.hr\/#\/schema\/logo\/image\/","url":"https:\/\/vrkino.kek.hr\/wp-content\/uploads\/2023\/11\/vr.kino_.kek_.web_logo_small.png","contentUrl":"https:\/\/vrkino.kek.hr\/wp-content\/uploads\/2023\/11\/vr.kino_.kek_.web_logo_small.png","width":2100,"height":1182,"caption":"Klub za ekspedicionizam i kulturu"},"image":{"@id":"https:\/\/vrkino.kek.hr\/#\/schema\/logo\/image\/"},"sameAs":["https:\/\/www.facebook.com\/DavorRostuharStoryteller","https:\/\/www.instagram.com\/lovearoundtheworldproject"]}]}},"_links":{"self":[{"href":"https:\/\/vrkino.kek.hr\/en\/wp-json\/wp\/v2\/pages\/8499","targetHints":{"allow":["GET"]}}],"collection":[{"href":"https:\/\/vrkino.kek.hr\/en\/wp-json\/wp\/v2\/pages"}],"about":[{"href":"https:\/\/vrkino.kek.hr\/en\/wp-json\/wp\/v2\/types\/page"}],"author":[{"embeddable":true,"href":"https:\/\/vrkino.kek.hr\/en\/wp-json\/wp\/v2\/users\/4"}],"replies":[{"embeddable":true,"href":"https:\/\/vrkino.kek.hr\/en\/wp-json\/wp\/v2\/comments?post=8499"}],"version-history":[{"count":5,"href":"https:\/\/vrkino.kek.hr\/en\/wp-json\/wp\/v2\/pages\/8499\/revisions"}],"predecessor-version":[{"id":8791,"href":"https:\/\/vrkino.kek.hr\/en\/wp-json\/wp\/v2\/pages\/8499\/revisions\/8791"}],"wp:featuredmedia":[{"embeddable":true,"href":"https:\/\/vrkino.kek.hr\/en\/wp-json\/wp\/v2\/media\/8566"}],"wp:attachment":[{"href":"https:\/\/vrkino.kek.hr\/en\/wp-json\/wp\/v2\/media?parent=8499"}],"curies":[{"name":"wp","href":"https:\/\/api.w.org\/{rel}","templated":true}]}}